{"id":37574,"date":"2018-04-03T10:04:09","date_gmt":"2018-04-03T10:04:09","guid":{"rendered":"https:\/\/www.smglanguages.com\/traduzioni-professionali"},"modified":"2024-10-04T08:12:22","modified_gmt":"2024-10-04T08:12:22","slug":"traduceri","status":"publish","type":"page","link":"https:\/\/www.smglanguages.com\/ro\/traduceri\/","title":{"rendered":"Traduceri"},"content":{"rendered":"","protected":false},"excerpt":{"rendered":"","protected":false},"author":2,"featured_media":0,"parent":0,"menu_order":0,"comment_status":"closed","ping_status":"closed","template":"templates\/flexible-content.php","meta":{"_acf_changed":false,"footnotes":""},"class_list":["post-37574","page","type-page","status-publish","hentry"],"acf":[],"yoast_head":"<!-- This site is optimized with the Yoast SEO plugin v27.2 - https:\/\/yoast.com\/product\/yoast-seo-wordpress\/ -->\n<title>Traduceri - SMG Languages<\/title>\n<meta name=\"description\" content=\"Birourile noastre traduc texte \u00een peste 160 de limbi cu o rapiditate \u015fi o competen\u0163\u0103 deja apreciate de clien\u0163i ilu\u015ftri precum Ministerul Italian al Ap\u0103r\u0103rii, Uniunea European\u0103 \u015fi Curtea francez\u0103 de Casa\u0163ie.Traducerile sunt realizate de traduc\u0103tori nativi specializa\u0163i \u00een subiectele tratate, fiind apoi supuse unor controale de calitate riguroase, potrivit standardului european pentru calitate UNI EN 15038.\" \/>\n<meta name=\"robots\" content=\"index, follow, max-snippet:-1, max-image-preview:large, max-video-preview:-1\" \/>\n<link rel=\"canonical\" href=\"https:\/\/www.smglanguages.com\/ro\/traduceri\/\" \/>\n<meta property=\"og:locale\" content=\"ro_RO\" \/>\n<meta property=\"og:type\" content=\"article\" \/>\n<meta property=\"og:title\" content=\"Traduceri - SMG Languages\" \/>\n<meta property=\"og:description\" content=\"Birourile noastre traduc texte \u00een peste 160 de limbi cu o rapiditate \u015fi o competen\u0163\u0103 deja apreciate de clien\u0163i ilu\u015ftri precum Ministerul Italian al Ap\u0103r\u0103rii, Uniunea European\u0103 \u015fi Curtea francez\u0103 de Casa\u0163ie.Traducerile sunt realizate de traduc\u0103tori nativi specializa\u0163i \u00een subiectele tratate, fiind apoi supuse unor controale de calitate riguroase, potrivit standardului european pentru calitate UNI EN 15038.\" \/>\n<meta property=\"og:url\" content=\"https:\/\/www.smglanguages.com\/ro\/traduceri\/\" \/>\n<meta property=\"og:site_name\" content=\"SMG Languages\" \/>\n<meta property=\"article:publisher\" content=\"https:\/\/it-it.facebook.com\/smgstudiomorettogroup\/\" \/>\n<meta property=\"article:modified_time\" content=\"2024-10-04T08:12:22+00:00\" \/>\n<meta property=\"og:image\" content=\"https:\/\/www.smglanguages.com\/wp-content\/uploads\/2022\/09\/Logo-SMG.png\" \/>\n\t<meta property=\"og:image:width\" content=\"882\" \/>\n\t<meta property=\"og:image:height\" content=\"546\" \/>\n\t<meta property=\"og:image:type\" content=\"image\/png\" \/>\n<meta name=\"twitter:card\" content=\"summary_large_image\" \/>\n<meta name=\"twitter:label1\" content=\"Timp estimat pentru citire\" \/>\n\t<meta name=\"twitter:data1\" content=\"5 minute\" \/>\n<script type=\"application\/ld+json\" class=\"yoast-schema-graph\">{\"@context\":\"https:\/\/schema.org\",\"@graph\":[{\"@type\":\"WebPage\",\"@id\":\"https:\/\/www.smglanguages.com\/ro\/traduceri\/\",\"url\":\"https:\/\/www.smglanguages.com\/ro\/traduceri\/\",\"name\":\"Traduceri - SMG Languages\",\"isPartOf\":{\"@id\":\"https:\/\/www.smglanguages.com\/ro\/#website\"},\"datePublished\":\"2018-04-03T10:04:09+00:00\",\"dateModified\":\"2024-10-04T08:12:22+00:00\",\"description\":\"Birourile noastre traduc texte \u00een peste 160 de limbi cu o rapiditate \u015fi o competen\u0163\u0103 deja apreciate de clien\u0163i ilu\u015ftri precum Ministerul Italian al Ap\u0103r\u0103rii, Uniunea European\u0103 \u015fi Curtea francez\u0103 de Casa\u0163ie.Traducerile sunt realizate de traduc\u0103tori nativi specializa\u0163i \u00een subiectele tratate, fiind apoi supuse unor controale de calitate riguroase, potrivit standardului european pentru calitate UNI EN 15038.\",\"breadcrumb\":{\"@id\":\"https:\/\/www.smglanguages.com\/ro\/traduceri\/#breadcrumb\"},\"inLanguage\":\"ro-RO\",\"potentialAction\":[{\"@type\":\"ReadAction\",\"target\":[\"https:\/\/www.smglanguages.com\/ro\/traduceri\/\"]}]},{\"@type\":\"BreadcrumbList\",\"@id\":\"https:\/\/www.smglanguages.com\/ro\/traduceri\/#breadcrumb\",\"itemListElement\":[{\"@type\":\"ListItem\",\"position\":1,\"name\":\"Home\",\"item\":\"https:\/\/www.smglanguages.com\/ro\/?lang=ro\"},{\"@type\":\"ListItem\",\"position\":2,\"name\":\"Traduceri\"}]},{\"@type\":\"WebSite\",\"@id\":\"https:\/\/www.smglanguages.com\/ro\/#website\",\"url\":\"https:\/\/www.smglanguages.com\/ro\/\",\"name\":\"SMG Languages\",\"description\":\"\",\"publisher\":{\"@id\":\"https:\/\/www.smglanguages.com\/ro\/#organization\"},\"alternateName\":\"Studio Moretto Group\",\"potentialAction\":[{\"@type\":\"SearchAction\",\"target\":{\"@type\":\"EntryPoint\",\"urlTemplate\":\"https:\/\/www.smglanguages.com\/ro\/?s={search_term_string}\"},\"query-input\":{\"@type\":\"PropertyValueSpecification\",\"valueRequired\":true,\"valueName\":\"search_term_string\"}}],\"inLanguage\":\"ro-RO\"},{\"@type\":\"Organization\",\"@id\":\"https:\/\/www.smglanguages.com\/ro\/#organization\",\"name\":\"Studio Moretto Group\",\"alternateName\":\"SMG Languages\",\"url\":\"https:\/\/www.smglanguages.com\/ro\/\",\"logo\":{\"@type\":\"ImageObject\",\"inLanguage\":\"ro-RO\",\"@id\":\"https:\/\/www.smglanguages.com\/ro\/#\/schema\/logo\/image\/\",\"url\":\"https:\/\/www.smglanguages.com\/wp-content\/uploads\/2022\/09\/Logo-SMG.png\",\"contentUrl\":\"https:\/\/www.smglanguages.com\/wp-content\/uploads\/2022\/09\/Logo-SMG.png\",\"width\":882,\"height\":546,\"caption\":\"Studio Moretto Group\"},\"image\":{\"@id\":\"https:\/\/www.smglanguages.com\/ro\/#\/schema\/logo\/image\/\"},\"sameAs\":[\"https:\/\/it-it.facebook.com\/smgstudiomorettogroup\/\",\"https:\/\/it.linkedin.com\/company\/studio-moretto-group-srl\"]}]}<\/script>\n<!-- \/ Yoast SEO plugin. -->","yoast_head_json":{"title":"Traduceri - SMG Languages","description":"Birourile noastre traduc texte \u00een peste 160 de limbi cu o rapiditate \u015fi o competen\u0163\u0103 deja apreciate de clien\u0163i ilu\u015ftri precum Ministerul Italian al Ap\u0103r\u0103rii, Uniunea European\u0103 \u015fi Curtea francez\u0103 de Casa\u0163ie.Traducerile sunt realizate de traduc\u0103tori nativi specializa\u0163i \u00een subiectele tratate, fiind apoi supuse unor controale de calitate riguroase, potrivit standardului european pentru calitate UNI EN 15038.","robots":{"index":"index","follow":"follow","max-snippet":"max-snippet:-1","max-image-preview":"max-image-preview:large","max-video-preview":"max-video-preview:-1"},"canonical":"https:\/\/www.smglanguages.com\/ro\/traduceri\/","og_locale":"ro_RO","og_type":"article","og_title":"Traduceri - SMG Languages","og_description":"Birourile noastre traduc texte \u00een peste 160 de limbi cu o rapiditate \u015fi o competen\u0163\u0103 deja apreciate de clien\u0163i ilu\u015ftri precum Ministerul Italian al Ap\u0103r\u0103rii, Uniunea European\u0103 \u015fi Curtea francez\u0103 de Casa\u0163ie.Traducerile sunt realizate de traduc\u0103tori nativi specializa\u0163i \u00een subiectele tratate, fiind apoi supuse unor controale de calitate riguroase, potrivit standardului european pentru calitate UNI EN 15038.","og_url":"https:\/\/www.smglanguages.com\/ro\/traduceri\/","og_site_name":"SMG Languages","article_publisher":"https:\/\/it-it.facebook.com\/smgstudiomorettogroup\/","article_modified_time":"2024-10-04T08:12:22+00:00","og_image":[{"width":882,"height":546,"url":"https:\/\/www.smglanguages.com\/wp-content\/uploads\/2022\/09\/Logo-SMG.png","type":"image\/png"}],"twitter_card":"summary_large_image","twitter_misc":{"Timp estimat pentru citire":"5 minute"},"schema":{"@context":"https:\/\/schema.org","@graph":[{"@type":"WebPage","@id":"https:\/\/www.smglanguages.com\/ro\/traduceri\/","url":"https:\/\/www.smglanguages.com\/ro\/traduceri\/","name":"Traduceri - SMG Languages","isPartOf":{"@id":"https:\/\/www.smglanguages.com\/ro\/#website"},"datePublished":"2018-04-03T10:04:09+00:00","dateModified":"2024-10-04T08:12:22+00:00","description":"Birourile noastre traduc texte \u00een peste 160 de limbi cu o rapiditate \u015fi o competen\u0163\u0103 deja apreciate de clien\u0163i ilu\u015ftri precum Ministerul Italian al Ap\u0103r\u0103rii, Uniunea European\u0103 \u015fi Curtea francez\u0103 de Casa\u0163ie.Traducerile sunt realizate de traduc\u0103tori nativi specializa\u0163i \u00een subiectele tratate, fiind apoi supuse unor controale de calitate riguroase, potrivit standardului european pentru calitate UNI EN 15038.","breadcrumb":{"@id":"https:\/\/www.smglanguages.com\/ro\/traduceri\/#breadcrumb"},"inLanguage":"ro-RO","potentialAction":[{"@type":"ReadAction","target":["https:\/\/www.smglanguages.com\/ro\/traduceri\/"]}]},{"@type":"BreadcrumbList","@id":"https:\/\/www.smglanguages.com\/ro\/traduceri\/#breadcrumb","itemListElement":[{"@type":"ListItem","position":1,"name":"Home","item":"https:\/\/www.smglanguages.com\/ro\/?lang=ro"},{"@type":"ListItem","position":2,"name":"Traduceri"}]},{"@type":"WebSite","@id":"https:\/\/www.smglanguages.com\/ro\/#website","url":"https:\/\/www.smglanguages.com\/ro\/","name":"SMG Languages","description":"","publisher":{"@id":"https:\/\/www.smglanguages.com\/ro\/#organization"},"alternateName":"Studio Moretto Group","potentialAction":[{"@type":"SearchAction","target":{"@type":"EntryPoint","urlTemplate":"https:\/\/www.smglanguages.com\/ro\/?s={search_term_string}"},"query-input":{"@type":"PropertyValueSpecification","valueRequired":true,"valueName":"search_term_string"}}],"inLanguage":"ro-RO"},{"@type":"Organization","@id":"https:\/\/www.smglanguages.com\/ro\/#organization","name":"Studio Moretto Group","alternateName":"SMG Languages","url":"https:\/\/www.smglanguages.com\/ro\/","logo":{"@type":"ImageObject","inLanguage":"ro-RO","@id":"https:\/\/www.smglanguages.com\/ro\/#\/schema\/logo\/image\/","url":"https:\/\/www.smglanguages.com\/wp-content\/uploads\/2022\/09\/Logo-SMG.png","contentUrl":"https:\/\/www.smglanguages.com\/wp-content\/uploads\/2022\/09\/Logo-SMG.png","width":882,"height":546,"caption":"Studio Moretto Group"},"image":{"@id":"https:\/\/www.smglanguages.com\/ro\/#\/schema\/logo\/image\/"},"sameAs":["https:\/\/it-it.facebook.com\/smgstudiomorettogroup\/","https:\/\/it.linkedin.com\/company\/studio-moretto-group-srl"]}]}},"_links":{"self":[{"href":"https:\/\/www.smglanguages.com\/ro\/wp-json\/wp\/v2\/pages\/37574","targetHints":{"allow":["GET"]}}],"collection":[{"href":"https:\/\/www.smglanguages.com\/ro\/wp-json\/wp\/v2\/pages"}],"about":[{"href":"https:\/\/www.smglanguages.com\/ro\/wp-json\/wp\/v2\/types\/page"}],"author":[{"embeddable":true,"href":"https:\/\/www.smglanguages.com\/ro\/wp-json\/wp\/v2\/users\/2"}],"replies":[{"embeddable":true,"href":"https:\/\/www.smglanguages.com\/ro\/wp-json\/wp\/v2\/comments?post=37574"}],"version-history":[{"count":0,"href":"https:\/\/www.smglanguages.com\/ro\/wp-json\/wp\/v2\/pages\/37574\/revisions"}],"wp:attachment":[{"href":"https:\/\/www.smglanguages.com\/ro\/wp-json\/wp\/v2\/media?parent=37574"}],"curies":[{"name":"wp","href":"https:\/\/api.w.org\/{rel}","templated":true}]}}