{"id":33010,"date":"2018-04-12T09:48:20","date_gmt":"2018-04-12T09:48:20","guid":{"rendered":"https:\/\/www.smglanguages.com\/promozione-commerciale"},"modified":"2025-05-20T12:24:59","modified_gmt":"2025-05-20T12:24:59","slug":"ticari-promosyon","status":"publish","type":"page","link":"https:\/\/www.smglanguages.com\/tr\/ticari-promosyon\/","title":{"rendered":"Go Global!"},"content":{"rendered":"","protected":false},"excerpt":{"rendered":"","protected":false},"author":2,"featured_media":0,"parent":0,"menu_order":0,"comment_status":"closed","ping_status":"closed","template":"templates\/flexible-content.php","meta":{"_acf_changed":false,"footnotes":""},"class_list":["post-33010","page","type-page","status-publish","hentry"],"acf":[],"yoast_head":"<!-- This site is optimized with the Yoast SEO plugin v27.2 - https:\/\/yoast.com\/product\/yoast-seo-wordpress\/ -->\n<title>Go Global! - SMG Languages<\/title>\n<meta name=\"description\" content=\"Yurt d\u0131\u015f\u0131nda kurulu ofisler ve yerel personel ile her y\u00f6nde ileti\u015fim d\u00fczenleyerek ve i\u015f teklifinizin tan\u0131t\u0131m\u0131n\u0131 yaparak sizi d\u0131\u015f pazarlara g\u00f6t\u00fcr\u00fcyoruz.\" \/>\n<meta name=\"robots\" content=\"index, follow, max-snippet:-1, max-image-preview:large, max-video-preview:-1\" \/>\n<link rel=\"canonical\" href=\"https:\/\/www.smglanguages.com\/tr\/ticari-promosyon\/\" \/>\n<meta property=\"og:locale\" content=\"tr_TR\" \/>\n<meta property=\"og:type\" content=\"article\" \/>\n<meta property=\"og:title\" content=\"Go Global! - SMG Languages\" \/>\n<meta property=\"og:description\" content=\"Yurt d\u0131\u015f\u0131nda kurulu ofisler ve yerel personel ile her y\u00f6nde ileti\u015fim d\u00fczenleyerek ve i\u015f teklifinizin tan\u0131t\u0131m\u0131n\u0131 yaparak sizi d\u0131\u015f pazarlara g\u00f6t\u00fcr\u00fcyoruz.\" \/>\n<meta property=\"og:url\" content=\"https:\/\/www.smglanguages.com\/tr\/ticari-promosyon\/\" \/>\n<meta property=\"og:site_name\" content=\"SMG Languages\" \/>\n<meta property=\"article:publisher\" content=\"https:\/\/it-it.facebook.com\/smgstudiomorettogroup\/\" \/>\n<meta property=\"article:modified_time\" content=\"2025-05-20T12:24:59+00:00\" \/>\n<meta property=\"og:image\" content=\"https:\/\/www.smglanguages.com\/wp-content\/uploads\/2022\/09\/Logo-SMG.png\" \/>\n\t<meta property=\"og:image:width\" content=\"882\" \/>\n\t<meta property=\"og:image:height\" content=\"546\" \/>\n\t<meta property=\"og:image:type\" content=\"image\/png\" \/>\n<meta name=\"twitter:card\" content=\"summary_large_image\" \/>\n<meta name=\"twitter:label1\" content=\"Tahmini okuma s\u00fcresi\" \/>\n\t<meta name=\"twitter:data1\" content=\"2 dakika\" \/>\n<script type=\"application\/ld+json\" class=\"yoast-schema-graph\">{\"@context\":\"https:\/\/schema.org\",\"@graph\":[{\"@type\":\"WebPage\",\"@id\":\"https:\/\/www.smglanguages.com\/tr\/ticari-promosyon\/\",\"url\":\"https:\/\/www.smglanguages.com\/tr\/ticari-promosyon\/\",\"name\":\"Go Global! - SMG Languages\",\"isPartOf\":{\"@id\":\"https:\/\/www.smglanguages.com\/tr\/#website\"},\"datePublished\":\"2018-04-12T09:48:20+00:00\",\"dateModified\":\"2025-05-20T12:24:59+00:00\",\"description\":\"Yurt d\u0131\u015f\u0131nda kurulu ofisler ve yerel personel ile her y\u00f6nde ileti\u015fim d\u00fczenleyerek ve i\u015f teklifinizin tan\u0131t\u0131m\u0131n\u0131 yaparak sizi d\u0131\u015f pazarlara g\u00f6t\u00fcr\u00fcyoruz.\",\"breadcrumb\":{\"@id\":\"https:\/\/www.smglanguages.com\/tr\/ticari-promosyon\/#breadcrumb\"},\"inLanguage\":\"tr\",\"potentialAction\":[{\"@type\":\"ReadAction\",\"target\":[\"https:\/\/www.smglanguages.com\/tr\/ticari-promosyon\/\"]}]},{\"@type\":\"BreadcrumbList\",\"@id\":\"https:\/\/www.smglanguages.com\/tr\/ticari-promosyon\/#breadcrumb\",\"itemListElement\":[{\"@type\":\"ListItem\",\"position\":1,\"name\":\"Home\",\"item\":\"https:\/\/www.smglanguages.com\/tr\/?lang=tr\"},{\"@type\":\"ListItem\",\"position\":2,\"name\":\"Go Global!\"}]},{\"@type\":\"WebSite\",\"@id\":\"https:\/\/www.smglanguages.com\/tr\/#website\",\"url\":\"https:\/\/www.smglanguages.com\/tr\/\",\"name\":\"SMG Languages\",\"description\":\"\",\"publisher\":{\"@id\":\"https:\/\/www.smglanguages.com\/tr\/#organization\"},\"alternateName\":\"Studio Moretto Group\",\"potentialAction\":[{\"@type\":\"SearchAction\",\"target\":{\"@type\":\"EntryPoint\",\"urlTemplate\":\"https:\/\/www.smglanguages.com\/tr\/?s={search_term_string}\"},\"query-input\":{\"@type\":\"PropertyValueSpecification\",\"valueRequired\":true,\"valueName\":\"search_term_string\"}}],\"inLanguage\":\"tr\"},{\"@type\":\"Organization\",\"@id\":\"https:\/\/www.smglanguages.com\/tr\/#organization\",\"name\":\"Studio Moretto Group\",\"alternateName\":\"SMG Languages\",\"url\":\"https:\/\/www.smglanguages.com\/tr\/\",\"logo\":{\"@type\":\"ImageObject\",\"inLanguage\":\"tr\",\"@id\":\"https:\/\/www.smglanguages.com\/tr\/#\/schema\/logo\/image\/\",\"url\":\"https:\/\/www.smglanguages.com\/wp-content\/uploads\/2022\/09\/Logo-SMG.png\",\"contentUrl\":\"https:\/\/www.smglanguages.com\/wp-content\/uploads\/2022\/09\/Logo-SMG.png\",\"width\":882,\"height\":546,\"caption\":\"Studio Moretto Group\"},\"image\":{\"@id\":\"https:\/\/www.smglanguages.com\/tr\/#\/schema\/logo\/image\/\"},\"sameAs\":[\"https:\/\/it-it.facebook.com\/smgstudiomorettogroup\/\",\"https:\/\/it.linkedin.com\/company\/studio-moretto-group-srl\"]}]}<\/script>\n<!-- \/ Yoast SEO plugin. -->","yoast_head_json":{"title":"Go Global! - SMG Languages","description":"Yurt d\u0131\u015f\u0131nda kurulu ofisler ve yerel personel ile her y\u00f6nde ileti\u015fim d\u00fczenleyerek ve i\u015f teklifinizin tan\u0131t\u0131m\u0131n\u0131 yaparak sizi d\u0131\u015f pazarlara g\u00f6t\u00fcr\u00fcyoruz.","robots":{"index":"index","follow":"follow","max-snippet":"max-snippet:-1","max-image-preview":"max-image-preview:large","max-video-preview":"max-video-preview:-1"},"canonical":"https:\/\/www.smglanguages.com\/tr\/ticari-promosyon\/","og_locale":"tr_TR","og_type":"article","og_title":"Go Global! - SMG Languages","og_description":"Yurt d\u0131\u015f\u0131nda kurulu ofisler ve yerel personel ile her y\u00f6nde ileti\u015fim d\u00fczenleyerek ve i\u015f teklifinizin tan\u0131t\u0131m\u0131n\u0131 yaparak sizi d\u0131\u015f pazarlara g\u00f6t\u00fcr\u00fcyoruz.","og_url":"https:\/\/www.smglanguages.com\/tr\/ticari-promosyon\/","og_site_name":"SMG Languages","article_publisher":"https:\/\/it-it.facebook.com\/smgstudiomorettogroup\/","article_modified_time":"2025-05-20T12:24:59+00:00","og_image":[{"width":882,"height":546,"url":"https:\/\/www.smglanguages.com\/wp-content\/uploads\/2022\/09\/Logo-SMG.png","type":"image\/png"}],"twitter_card":"summary_large_image","twitter_misc":{"Tahmini okuma s\u00fcresi":"2 dakika"},"schema":{"@context":"https:\/\/schema.org","@graph":[{"@type":"WebPage","@id":"https:\/\/www.smglanguages.com\/tr\/ticari-promosyon\/","url":"https:\/\/www.smglanguages.com\/tr\/ticari-promosyon\/","name":"Go Global! - SMG Languages","isPartOf":{"@id":"https:\/\/www.smglanguages.com\/tr\/#website"},"datePublished":"2018-04-12T09:48:20+00:00","dateModified":"2025-05-20T12:24:59+00:00","description":"Yurt d\u0131\u015f\u0131nda kurulu ofisler ve yerel personel ile her y\u00f6nde ileti\u015fim d\u00fczenleyerek ve i\u015f teklifinizin tan\u0131t\u0131m\u0131n\u0131 yaparak sizi d\u0131\u015f pazarlara g\u00f6t\u00fcr\u00fcyoruz.","breadcrumb":{"@id":"https:\/\/www.smglanguages.com\/tr\/ticari-promosyon\/#breadcrumb"},"inLanguage":"tr","potentialAction":[{"@type":"ReadAction","target":["https:\/\/www.smglanguages.com\/tr\/ticari-promosyon\/"]}]},{"@type":"BreadcrumbList","@id":"https:\/\/www.smglanguages.com\/tr\/ticari-promosyon\/#breadcrumb","itemListElement":[{"@type":"ListItem","position":1,"name":"Home","item":"https:\/\/www.smglanguages.com\/tr\/?lang=tr"},{"@type":"ListItem","position":2,"name":"Go Global!"}]},{"@type":"WebSite","@id":"https:\/\/www.smglanguages.com\/tr\/#website","url":"https:\/\/www.smglanguages.com\/tr\/","name":"SMG Languages","description":"","publisher":{"@id":"https:\/\/www.smglanguages.com\/tr\/#organization"},"alternateName":"Studio Moretto Group","potentialAction":[{"@type":"SearchAction","target":{"@type":"EntryPoint","urlTemplate":"https:\/\/www.smglanguages.com\/tr\/?s={search_term_string}"},"query-input":{"@type":"PropertyValueSpecification","valueRequired":true,"valueName":"search_term_string"}}],"inLanguage":"tr"},{"@type":"Organization","@id":"https:\/\/www.smglanguages.com\/tr\/#organization","name":"Studio Moretto Group","alternateName":"SMG Languages","url":"https:\/\/www.smglanguages.com\/tr\/","logo":{"@type":"ImageObject","inLanguage":"tr","@id":"https:\/\/www.smglanguages.com\/tr\/#\/schema\/logo\/image\/","url":"https:\/\/www.smglanguages.com\/wp-content\/uploads\/2022\/09\/Logo-SMG.png","contentUrl":"https:\/\/www.smglanguages.com\/wp-content\/uploads\/2022\/09\/Logo-SMG.png","width":882,"height":546,"caption":"Studio Moretto Group"},"image":{"@id":"https:\/\/www.smglanguages.com\/tr\/#\/schema\/logo\/image\/"},"sameAs":["https:\/\/it-it.facebook.com\/smgstudiomorettogroup\/","https:\/\/it.linkedin.com\/company\/studio-moretto-group-srl"]}]}},"_links":{"self":[{"href":"https:\/\/www.smglanguages.com\/tr\/wp-json\/wp\/v2\/pages\/33010","targetHints":{"allow":["GET"]}}],"collection":[{"href":"https:\/\/www.smglanguages.com\/tr\/wp-json\/wp\/v2\/pages"}],"about":[{"href":"https:\/\/www.smglanguages.com\/tr\/wp-json\/wp\/v2\/types\/page"}],"author":[{"embeddable":true,"href":"https:\/\/www.smglanguages.com\/tr\/wp-json\/wp\/v2\/users\/2"}],"replies":[{"embeddable":true,"href":"https:\/\/www.smglanguages.com\/tr\/wp-json\/wp\/v2\/comments?post=33010"}],"version-history":[{"count":0,"href":"https:\/\/www.smglanguages.com\/tr\/wp-json\/wp\/v2\/pages\/33010\/revisions"}],"wp:attachment":[{"href":"https:\/\/www.smglanguages.com\/tr\/wp-json\/wp\/v2\/media?parent=33010"}],"curies":[{"name":"wp","href":"https:\/\/api.w.org\/{rel}","templated":true}]}}