{"id":37580,"date":"2018-04-03T10:04:09","date_gmt":"2018-04-03T10:04:09","guid":{"rendered":"https:\/\/www.smglanguages.com\/traduzioni-professionali"},"modified":"2025-08-12T12:44:28","modified_gmt":"2025-08-12T10:44:28","slug":"ceviriler","status":"publish","type":"page","link":"https:\/\/www.smglanguages.com\/tr\/ceviriler\/","title":{"rendered":"\u00c7eviriler"},"content":{"rendered":"","protected":false},"excerpt":{"rendered":"","protected":false},"author":2,"featured_media":0,"parent":0,"menu_order":0,"comment_status":"closed","ping_status":"closed","template":"templates\/flexible-content.php","meta":{"_acf_changed":false,"footnotes":""},"class_list":["post-37580","page","type-page","status-publish","hentry"],"acf":[],"yoast_head":"<!-- This site is optimized with the Yoast SEO plugin v27.2 - https:\/\/yoast.com\/product\/yoast-seo-wordpress\/ -->\n<title>\u00c7eviriler - SMG Languages<\/title>\n<meta name=\"description\" content=\"T\u00fcm d\u00fcnyadaki ofislerimiz \u0130talyan Savunma, Avrupa Birli\u011fi ve Yarg\u0131tay Frans\u0131z Mahkemesi gibi se\u00e7kin m\u00fc\u015fterilerimiz taraf\u0131ndan takdir edilen profesyonel bir \u00e7eviri hizmeti sa\u011flayarak 160\u2019den fazla dilde uzman \u00e7evirileri yapmaktad\u0131r. \u00c7eviriler uzman ana dilde konu\u015fan personel taraf\u0131ndan i\u015flem g\u00f6rmekte ve UNI EN 15038 ve ISO 17100 ile denetimlere tabi tutulmaktad\u0131r.\" \/>\n<meta name=\"robots\" content=\"index, follow, max-snippet:-1, max-image-preview:large, max-video-preview:-1\" \/>\n<link rel=\"canonical\" href=\"https:\/\/www.smglanguages.com\/tr\/ceviriler\/\" \/>\n<meta property=\"og:locale\" content=\"tr_TR\" \/>\n<meta property=\"og:type\" content=\"article\" \/>\n<meta property=\"og:title\" content=\"\u00c7eviriler - SMG Languages\" \/>\n<meta property=\"og:description\" content=\"T\u00fcm d\u00fcnyadaki ofislerimiz \u0130talyan Savunma, Avrupa Birli\u011fi ve Yarg\u0131tay Frans\u0131z Mahkemesi gibi se\u00e7kin m\u00fc\u015fterilerimiz taraf\u0131ndan takdir edilen profesyonel bir \u00e7eviri hizmeti sa\u011flayarak 160\u2019den fazla dilde uzman \u00e7evirileri yapmaktad\u0131r. \u00c7eviriler uzman ana dilde konu\u015fan personel taraf\u0131ndan i\u015flem g\u00f6rmekte ve UNI EN 15038 ve ISO 17100 ile denetimlere tabi tutulmaktad\u0131r.\" \/>\n<meta property=\"og:url\" content=\"https:\/\/www.smglanguages.com\/tr\/ceviriler\/\" \/>\n<meta property=\"og:site_name\" content=\"SMG Languages\" \/>\n<meta property=\"article:publisher\" content=\"https:\/\/it-it.facebook.com\/smgstudiomorettogroup\/\" \/>\n<meta property=\"article:modified_time\" content=\"2025-08-12T10:44:28+00:00\" \/>\n<meta property=\"og:image\" content=\"https:\/\/www.smglanguages.com\/wp-content\/uploads\/2022\/09\/Logo-SMG.png\" \/>\n\t<meta property=\"og:image:width\" content=\"882\" \/>\n\t<meta property=\"og:image:height\" content=\"546\" \/>\n\t<meta property=\"og:image:type\" content=\"image\/png\" \/>\n<meta name=\"twitter:card\" content=\"summary_large_image\" \/>\n<meta name=\"twitter:label1\" content=\"Tahmini okuma s\u00fcresi\" \/>\n\t<meta name=\"twitter:data1\" content=\"3 dakika\" \/>\n<script type=\"application\/ld+json\" class=\"yoast-schema-graph\">{\"@context\":\"https:\/\/schema.org\",\"@graph\":[{\"@type\":\"WebPage\",\"@id\":\"https:\/\/www.smglanguages.com\/tr\/ceviriler\/\",\"url\":\"https:\/\/www.smglanguages.com\/tr\/ceviriler\/\",\"name\":\"\u00c7eviriler - SMG Languages\",\"isPartOf\":{\"@id\":\"https:\/\/www.smglanguages.com\/tr\/#website\"},\"datePublished\":\"2018-04-03T10:04:09+00:00\",\"dateModified\":\"2025-08-12T10:44:28+00:00\",\"description\":\"T\u00fcm d\u00fcnyadaki ofislerimiz \u0130talyan Savunma, Avrupa Birli\u011fi ve Yarg\u0131tay Frans\u0131z Mahkemesi gibi se\u00e7kin m\u00fc\u015fterilerimiz taraf\u0131ndan takdir edilen profesyonel bir \u00e7eviri hizmeti sa\u011flayarak 160\u2019den fazla dilde uzman \u00e7evirileri yapmaktad\u0131r. \u00c7eviriler uzman ana dilde konu\u015fan personel taraf\u0131ndan i\u015flem g\u00f6rmekte ve UNI EN 15038 ve ISO 17100 ile denetimlere tabi tutulmaktad\u0131r.\",\"breadcrumb\":{\"@id\":\"https:\/\/www.smglanguages.com\/tr\/ceviriler\/#breadcrumb\"},\"inLanguage\":\"tr\",\"potentialAction\":[{\"@type\":\"ReadAction\",\"target\":[\"https:\/\/www.smglanguages.com\/tr\/ceviriler\/\"]}]},{\"@type\":\"BreadcrumbList\",\"@id\":\"https:\/\/www.smglanguages.com\/tr\/ceviriler\/#breadcrumb\",\"itemListElement\":[{\"@type\":\"ListItem\",\"position\":1,\"name\":\"Home\",\"item\":\"https:\/\/www.smglanguages.com\/tr\/?lang=tr\"},{\"@type\":\"ListItem\",\"position\":2,\"name\":\"\u00c7eviriler\"}]},{\"@type\":\"WebSite\",\"@id\":\"https:\/\/www.smglanguages.com\/tr\/#website\",\"url\":\"https:\/\/www.smglanguages.com\/tr\/\",\"name\":\"SMG Languages\",\"description\":\"\",\"publisher\":{\"@id\":\"https:\/\/www.smglanguages.com\/tr\/#organization\"},\"alternateName\":\"Studio Moretto Group\",\"potentialAction\":[{\"@type\":\"SearchAction\",\"target\":{\"@type\":\"EntryPoint\",\"urlTemplate\":\"https:\/\/www.smglanguages.com\/tr\/?s={search_term_string}\"},\"query-input\":{\"@type\":\"PropertyValueSpecification\",\"valueRequired\":true,\"valueName\":\"search_term_string\"}}],\"inLanguage\":\"tr\"},{\"@type\":\"Organization\",\"@id\":\"https:\/\/www.smglanguages.com\/tr\/#organization\",\"name\":\"Studio Moretto Group\",\"alternateName\":\"SMG Languages\",\"url\":\"https:\/\/www.smglanguages.com\/tr\/\",\"logo\":{\"@type\":\"ImageObject\",\"inLanguage\":\"tr\",\"@id\":\"https:\/\/www.smglanguages.com\/tr\/#\/schema\/logo\/image\/\",\"url\":\"https:\/\/www.smglanguages.com\/wp-content\/uploads\/2022\/09\/Logo-SMG.png\",\"contentUrl\":\"https:\/\/www.smglanguages.com\/wp-content\/uploads\/2022\/09\/Logo-SMG.png\",\"width\":882,\"height\":546,\"caption\":\"Studio Moretto Group\"},\"image\":{\"@id\":\"https:\/\/www.smglanguages.com\/tr\/#\/schema\/logo\/image\/\"},\"sameAs\":[\"https:\/\/it-it.facebook.com\/smgstudiomorettogroup\/\",\"https:\/\/it.linkedin.com\/company\/studio-moretto-group-srl\"]}]}<\/script>\n<!-- \/ Yoast SEO plugin. -->","yoast_head_json":{"title":"\u00c7eviriler - SMG Languages","description":"T\u00fcm d\u00fcnyadaki ofislerimiz \u0130talyan Savunma, Avrupa Birli\u011fi ve Yarg\u0131tay Frans\u0131z Mahkemesi gibi se\u00e7kin m\u00fc\u015fterilerimiz taraf\u0131ndan takdir edilen profesyonel bir \u00e7eviri hizmeti sa\u011flayarak 160\u2019den fazla dilde uzman \u00e7evirileri yapmaktad\u0131r. \u00c7eviriler uzman ana dilde konu\u015fan personel taraf\u0131ndan i\u015flem g\u00f6rmekte ve UNI EN 15038 ve ISO 17100 ile denetimlere tabi tutulmaktad\u0131r.","robots":{"index":"index","follow":"follow","max-snippet":"max-snippet:-1","max-image-preview":"max-image-preview:large","max-video-preview":"max-video-preview:-1"},"canonical":"https:\/\/www.smglanguages.com\/tr\/ceviriler\/","og_locale":"tr_TR","og_type":"article","og_title":"\u00c7eviriler - SMG Languages","og_description":"T\u00fcm d\u00fcnyadaki ofislerimiz \u0130talyan Savunma, Avrupa Birli\u011fi ve Yarg\u0131tay Frans\u0131z Mahkemesi gibi se\u00e7kin m\u00fc\u015fterilerimiz taraf\u0131ndan takdir edilen profesyonel bir \u00e7eviri hizmeti sa\u011flayarak 160\u2019den fazla dilde uzman \u00e7evirileri yapmaktad\u0131r. \u00c7eviriler uzman ana dilde konu\u015fan personel taraf\u0131ndan i\u015flem g\u00f6rmekte ve UNI EN 15038 ve ISO 17100 ile denetimlere tabi tutulmaktad\u0131r.","og_url":"https:\/\/www.smglanguages.com\/tr\/ceviriler\/","og_site_name":"SMG Languages","article_publisher":"https:\/\/it-it.facebook.com\/smgstudiomorettogroup\/","article_modified_time":"2025-08-12T10:44:28+00:00","og_image":[{"width":882,"height":546,"url":"https:\/\/www.smglanguages.com\/wp-content\/uploads\/2022\/09\/Logo-SMG.png","type":"image\/png"}],"twitter_card":"summary_large_image","twitter_misc":{"Tahmini okuma s\u00fcresi":"3 dakika"},"schema":{"@context":"https:\/\/schema.org","@graph":[{"@type":"WebPage","@id":"https:\/\/www.smglanguages.com\/tr\/ceviriler\/","url":"https:\/\/www.smglanguages.com\/tr\/ceviriler\/","name":"\u00c7eviriler - SMG Languages","isPartOf":{"@id":"https:\/\/www.smglanguages.com\/tr\/#website"},"datePublished":"2018-04-03T10:04:09+00:00","dateModified":"2025-08-12T10:44:28+00:00","description":"T\u00fcm d\u00fcnyadaki ofislerimiz \u0130talyan Savunma, Avrupa Birli\u011fi ve Yarg\u0131tay Frans\u0131z Mahkemesi gibi se\u00e7kin m\u00fc\u015fterilerimiz taraf\u0131ndan takdir edilen profesyonel bir \u00e7eviri hizmeti sa\u011flayarak 160\u2019den fazla dilde uzman \u00e7evirileri yapmaktad\u0131r. \u00c7eviriler uzman ana dilde konu\u015fan personel taraf\u0131ndan i\u015flem g\u00f6rmekte ve UNI EN 15038 ve ISO 17100 ile denetimlere tabi tutulmaktad\u0131r.","breadcrumb":{"@id":"https:\/\/www.smglanguages.com\/tr\/ceviriler\/#breadcrumb"},"inLanguage":"tr","potentialAction":[{"@type":"ReadAction","target":["https:\/\/www.smglanguages.com\/tr\/ceviriler\/"]}]},{"@type":"BreadcrumbList","@id":"https:\/\/www.smglanguages.com\/tr\/ceviriler\/#breadcrumb","itemListElement":[{"@type":"ListItem","position":1,"name":"Home","item":"https:\/\/www.smglanguages.com\/tr\/?lang=tr"},{"@type":"ListItem","position":2,"name":"\u00c7eviriler"}]},{"@type":"WebSite","@id":"https:\/\/www.smglanguages.com\/tr\/#website","url":"https:\/\/www.smglanguages.com\/tr\/","name":"SMG Languages","description":"","publisher":{"@id":"https:\/\/www.smglanguages.com\/tr\/#organization"},"alternateName":"Studio Moretto Group","potentialAction":[{"@type":"SearchAction","target":{"@type":"EntryPoint","urlTemplate":"https:\/\/www.smglanguages.com\/tr\/?s={search_term_string}"},"query-input":{"@type":"PropertyValueSpecification","valueRequired":true,"valueName":"search_term_string"}}],"inLanguage":"tr"},{"@type":"Organization","@id":"https:\/\/www.smglanguages.com\/tr\/#organization","name":"Studio Moretto Group","alternateName":"SMG Languages","url":"https:\/\/www.smglanguages.com\/tr\/","logo":{"@type":"ImageObject","inLanguage":"tr","@id":"https:\/\/www.smglanguages.com\/tr\/#\/schema\/logo\/image\/","url":"https:\/\/www.smglanguages.com\/wp-content\/uploads\/2022\/09\/Logo-SMG.png","contentUrl":"https:\/\/www.smglanguages.com\/wp-content\/uploads\/2022\/09\/Logo-SMG.png","width":882,"height":546,"caption":"Studio Moretto Group"},"image":{"@id":"https:\/\/www.smglanguages.com\/tr\/#\/schema\/logo\/image\/"},"sameAs":["https:\/\/it-it.facebook.com\/smgstudiomorettogroup\/","https:\/\/it.linkedin.com\/company\/studio-moretto-group-srl"]}]}},"_links":{"self":[{"href":"https:\/\/www.smglanguages.com\/tr\/wp-json\/wp\/v2\/pages\/37580","targetHints":{"allow":["GET"]}}],"collection":[{"href":"https:\/\/www.smglanguages.com\/tr\/wp-json\/wp\/v2\/pages"}],"about":[{"href":"https:\/\/www.smglanguages.com\/tr\/wp-json\/wp\/v2\/types\/page"}],"author":[{"embeddable":true,"href":"https:\/\/www.smglanguages.com\/tr\/wp-json\/wp\/v2\/users\/2"}],"replies":[{"embeddable":true,"href":"https:\/\/www.smglanguages.com\/tr\/wp-json\/wp\/v2\/comments?post=37580"}],"version-history":[{"count":0,"href":"https:\/\/www.smglanguages.com\/tr\/wp-json\/wp\/v2\/pages\/37580\/revisions"}],"wp:attachment":[{"href":"https:\/\/www.smglanguages.com\/tr\/wp-json\/wp\/v2\/media?parent=37580"}],"curies":[{"name":"wp","href":"https:\/\/api.w.org\/{rel}","templated":true}]}}