{"id":41912,"date":"2018-03-13T11:21:45","date_gmt":"2018-03-13T11:21:45","guid":{"rendered":"https:\/\/www.smglanguages.com\/home"},"modified":"2025-07-21T11:42:27","modified_gmt":"2025-07-21T09:42:27","slug":"home","status":"publish","type":"page","link":"https:\/\/www.smglanguages.com\/tr\/","title":{"rendered":"Home"},"content":{"rendered":"","protected":false},"excerpt":{"rendered":"","protected":false},"author":2,"featured_media":0,"parent":0,"menu_order":0,"comment_status":"closed","ping_status":"closed","template":"templates\/flexible-content.php","meta":{"_acf_changed":false,"footnotes":""},"class_list":["post-41912","page","type-page","status-publish","hentry"],"acf":[],"yoast_head":"<!-- This site is optimized with the Yoast SEO plugin v27.2 - https:\/\/yoast.com\/product\/yoast-seo-wordpress\/ -->\n<title>SMG Languages: \u00e7ok uluslu dil ve \u00e7eviri hizmetleri ajans\u0131 - SMG Languages<\/title>\n<meta name=\"description\" content=\"SMG Languages, kendini m\u00fckemmelli\u011fe ve s\u00fcrekli ara\u015ft\u0131rmaya adam\u0131\u015f \u00e7ok uluslu bir dil ve \u00e7eviri hizmetleri ajans\u0131d\u0131r. 1996 y\u0131l\u0131ndan beri ISO 9001, ISO 17100 ve UNI 15038 kalite belgemiz ile her dilde yenilik\u00e7i \u00e7eviri, edit\u00f6rl\u00fck ve ileti\u015fim hizmetleri sunarak \u015firketlere ve kurumlara yard\u0131mc\u0131 olmaktay\u0131z.\" \/>\n<meta name=\"robots\" content=\"index, follow, max-snippet:-1, max-image-preview:large, max-video-preview:-1\" \/>\n<link rel=\"canonical\" href=\"https:\/\/www.smglanguages.com\/tr\/\" \/>\n<meta property=\"og:locale\" content=\"tr_TR\" \/>\n<meta property=\"og:type\" content=\"article\" \/>\n<meta property=\"og:title\" content=\"SMG Languages: \u00e7ok uluslu dil ve \u00e7eviri hizmetleri ajans\u0131 - SMG Languages\" \/>\n<meta property=\"og:description\" content=\"SMG Languages, kendini m\u00fckemmelli\u011fe ve s\u00fcrekli ara\u015ft\u0131rmaya adam\u0131\u015f \u00e7ok uluslu bir dil ve \u00e7eviri hizmetleri ajans\u0131d\u0131r. 1996 y\u0131l\u0131ndan beri ISO 9001, ISO 17100 ve UNI 15038 kalite belgemiz ile her dilde yenilik\u00e7i \u00e7eviri, edit\u00f6rl\u00fck ve ileti\u015fim hizmetleri sunarak \u015firketlere ve kurumlara yard\u0131mc\u0131 olmaktay\u0131z.\" \/>\n<meta property=\"og:url\" content=\"https:\/\/www.smglanguages.com\/tr\/\" \/>\n<meta property=\"og:site_name\" content=\"SMG Languages\" \/>\n<meta property=\"article:publisher\" content=\"https:\/\/it-it.facebook.com\/smgstudiomorettogroup\/\" \/>\n<meta property=\"article:modified_time\" content=\"2025-07-21T09:42:27+00:00\" \/>\n<meta property=\"og:image\" content=\"https:\/\/www.smglanguages.com\/wp-content\/uploads\/2022\/09\/Logo-SMG.png\" \/>\n\t<meta property=\"og:image:width\" content=\"882\" \/>\n\t<meta property=\"og:image:height\" content=\"546\" \/>\n\t<meta property=\"og:image:type\" content=\"image\/png\" \/>\n<meta name=\"twitter:card\" content=\"summary_large_image\" \/>\n<meta name=\"twitter:label1\" content=\"Tahmini okuma s\u00fcresi\" \/>\n\t<meta name=\"twitter:data1\" content=\"6 dakika\" \/>\n<script type=\"application\/ld+json\" class=\"yoast-schema-graph\">{\"@context\":\"https:\/\/schema.org\",\"@graph\":[{\"@type\":\"WebPage\",\"@id\":\"https:\/\/www.smglanguages.com\/tr\/\",\"url\":\"https:\/\/www.smglanguages.com\/tr\/\",\"name\":\"SMG Languages: \u00e7ok uluslu dil ve \u00e7eviri hizmetleri ajans\u0131 - SMG Languages\",\"isPartOf\":{\"@id\":\"https:\/\/www.smglanguages.com\/tr\/#website\"},\"datePublished\":\"2018-03-13T11:21:45+00:00\",\"dateModified\":\"2025-07-21T09:42:27+00:00\",\"description\":\"SMG Languages, kendini m\u00fckemmelli\u011fe ve s\u00fcrekli ara\u015ft\u0131rmaya adam\u0131\u015f \u00e7ok uluslu bir dil ve \u00e7eviri hizmetleri ajans\u0131d\u0131r. 1996 y\u0131l\u0131ndan beri ISO 9001, ISO 17100 ve UNI 15038 kalite belgemiz ile her dilde yenilik\u00e7i \u00e7eviri, edit\u00f6rl\u00fck ve ileti\u015fim hizmetleri sunarak \u015firketlere ve kurumlara yard\u0131mc\u0131 olmaktay\u0131z.\",\"breadcrumb\":{\"@id\":\"https:\/\/www.smglanguages.com\/tr\/#breadcrumb\"},\"inLanguage\":\"tr\",\"potentialAction\":[{\"@type\":\"ReadAction\",\"target\":[\"https:\/\/www.smglanguages.com\/tr\/\"]}]},{\"@type\":\"BreadcrumbList\",\"@id\":\"https:\/\/www.smglanguages.com\/tr\/#breadcrumb\",\"itemListElement\":[{\"@type\":\"ListItem\",\"position\":1,\"name\":\"Home\",\"item\":\"https:\/\/www.smglanguages.com\/tr\/?lang=tr\"},{\"@type\":\"ListItem\",\"position\":2,\"name\":\"Home\"}]},{\"@type\":\"WebSite\",\"@id\":\"https:\/\/www.smglanguages.com\/tr\/#website\",\"url\":\"https:\/\/www.smglanguages.com\/tr\/\",\"name\":\"SMG Languages\",\"description\":\"\",\"publisher\":{\"@id\":\"https:\/\/www.smglanguages.com\/tr\/#organization\"},\"alternateName\":\"Studio Moretto Group\",\"potentialAction\":[{\"@type\":\"SearchAction\",\"target\":{\"@type\":\"EntryPoint\",\"urlTemplate\":\"https:\/\/www.smglanguages.com\/tr\/?s={search_term_string}\"},\"query-input\":{\"@type\":\"PropertyValueSpecification\",\"valueRequired\":true,\"valueName\":\"search_term_string\"}}],\"inLanguage\":\"tr\"},{\"@type\":\"Organization\",\"@id\":\"https:\/\/www.smglanguages.com\/tr\/#organization\",\"name\":\"Studio Moretto Group\",\"alternateName\":\"SMG Languages\",\"url\":\"https:\/\/www.smglanguages.com\/tr\/\",\"logo\":{\"@type\":\"ImageObject\",\"inLanguage\":\"tr\",\"@id\":\"https:\/\/www.smglanguages.com\/tr\/#\/schema\/logo\/image\/\",\"url\":\"https:\/\/www.smglanguages.com\/wp-content\/uploads\/2022\/09\/Logo-SMG.png\",\"contentUrl\":\"https:\/\/www.smglanguages.com\/wp-content\/uploads\/2022\/09\/Logo-SMG.png\",\"width\":882,\"height\":546,\"caption\":\"Studio Moretto Group\"},\"image\":{\"@id\":\"https:\/\/www.smglanguages.com\/tr\/#\/schema\/logo\/image\/\"},\"sameAs\":[\"https:\/\/it-it.facebook.com\/smgstudiomorettogroup\/\",\"https:\/\/it.linkedin.com\/company\/studio-moretto-group-srl\"]}]}<\/script>\n<!-- \/ Yoast SEO plugin. -->","yoast_head_json":{"title":"SMG Languages: \u00e7ok uluslu dil ve \u00e7eviri hizmetleri ajans\u0131 - SMG Languages","description":"SMG Languages, kendini m\u00fckemmelli\u011fe ve s\u00fcrekli ara\u015ft\u0131rmaya adam\u0131\u015f \u00e7ok uluslu bir dil ve \u00e7eviri hizmetleri ajans\u0131d\u0131r. 1996 y\u0131l\u0131ndan beri ISO 9001, ISO 17100 ve UNI 15038 kalite belgemiz ile her dilde yenilik\u00e7i \u00e7eviri, edit\u00f6rl\u00fck ve ileti\u015fim hizmetleri sunarak \u015firketlere ve kurumlara yard\u0131mc\u0131 olmaktay\u0131z.","robots":{"index":"index","follow":"follow","max-snippet":"max-snippet:-1","max-image-preview":"max-image-preview:large","max-video-preview":"max-video-preview:-1"},"canonical":"https:\/\/www.smglanguages.com\/tr\/","og_locale":"tr_TR","og_type":"article","og_title":"SMG Languages: \u00e7ok uluslu dil ve \u00e7eviri hizmetleri ajans\u0131 - SMG Languages","og_description":"SMG Languages, kendini m\u00fckemmelli\u011fe ve s\u00fcrekli ara\u015ft\u0131rmaya adam\u0131\u015f \u00e7ok uluslu bir dil ve \u00e7eviri hizmetleri ajans\u0131d\u0131r. 1996 y\u0131l\u0131ndan beri ISO 9001, ISO 17100 ve UNI 15038 kalite belgemiz ile her dilde yenilik\u00e7i \u00e7eviri, edit\u00f6rl\u00fck ve ileti\u015fim hizmetleri sunarak \u015firketlere ve kurumlara yard\u0131mc\u0131 olmaktay\u0131z.","og_url":"https:\/\/www.smglanguages.com\/tr\/","og_site_name":"SMG Languages","article_publisher":"https:\/\/it-it.facebook.com\/smgstudiomorettogroup\/","article_modified_time":"2025-07-21T09:42:27+00:00","og_image":[{"width":882,"height":546,"url":"https:\/\/www.smglanguages.com\/wp-content\/uploads\/2022\/09\/Logo-SMG.png","type":"image\/png"}],"twitter_card":"summary_large_image","twitter_misc":{"Tahmini okuma s\u00fcresi":"6 dakika"},"schema":{"@context":"https:\/\/schema.org","@graph":[{"@type":"WebPage","@id":"https:\/\/www.smglanguages.com\/tr\/","url":"https:\/\/www.smglanguages.com\/tr\/","name":"SMG Languages: \u00e7ok uluslu dil ve \u00e7eviri hizmetleri ajans\u0131 - SMG Languages","isPartOf":{"@id":"https:\/\/www.smglanguages.com\/tr\/#website"},"datePublished":"2018-03-13T11:21:45+00:00","dateModified":"2025-07-21T09:42:27+00:00","description":"SMG Languages, kendini m\u00fckemmelli\u011fe ve s\u00fcrekli ara\u015ft\u0131rmaya adam\u0131\u015f \u00e7ok uluslu bir dil ve \u00e7eviri hizmetleri ajans\u0131d\u0131r. 1996 y\u0131l\u0131ndan beri ISO 9001, ISO 17100 ve UNI 15038 kalite belgemiz ile her dilde yenilik\u00e7i \u00e7eviri, edit\u00f6rl\u00fck ve ileti\u015fim hizmetleri sunarak \u015firketlere ve kurumlara yard\u0131mc\u0131 olmaktay\u0131z.","breadcrumb":{"@id":"https:\/\/www.smglanguages.com\/tr\/#breadcrumb"},"inLanguage":"tr","potentialAction":[{"@type":"ReadAction","target":["https:\/\/www.smglanguages.com\/tr\/"]}]},{"@type":"BreadcrumbList","@id":"https:\/\/www.smglanguages.com\/tr\/#breadcrumb","itemListElement":[{"@type":"ListItem","position":1,"name":"Home","item":"https:\/\/www.smglanguages.com\/tr\/?lang=tr"},{"@type":"ListItem","position":2,"name":"Home"}]},{"@type":"WebSite","@id":"https:\/\/www.smglanguages.com\/tr\/#website","url":"https:\/\/www.smglanguages.com\/tr\/","name":"SMG Languages","description":"","publisher":{"@id":"https:\/\/www.smglanguages.com\/tr\/#organization"},"alternateName":"Studio Moretto Group","potentialAction":[{"@type":"SearchAction","target":{"@type":"EntryPoint","urlTemplate":"https:\/\/www.smglanguages.com\/tr\/?s={search_term_string}"},"query-input":{"@type":"PropertyValueSpecification","valueRequired":true,"valueName":"search_term_string"}}],"inLanguage":"tr"},{"@type":"Organization","@id":"https:\/\/www.smglanguages.com\/tr\/#organization","name":"Studio Moretto Group","alternateName":"SMG Languages","url":"https:\/\/www.smglanguages.com\/tr\/","logo":{"@type":"ImageObject","inLanguage":"tr","@id":"https:\/\/www.smglanguages.com\/tr\/#\/schema\/logo\/image\/","url":"https:\/\/www.smglanguages.com\/wp-content\/uploads\/2022\/09\/Logo-SMG.png","contentUrl":"https:\/\/www.smglanguages.com\/wp-content\/uploads\/2022\/09\/Logo-SMG.png","width":882,"height":546,"caption":"Studio Moretto Group"},"image":{"@id":"https:\/\/www.smglanguages.com\/tr\/#\/schema\/logo\/image\/"},"sameAs":["https:\/\/it-it.facebook.com\/smgstudiomorettogroup\/","https:\/\/it.linkedin.com\/company\/studio-moretto-group-srl"]}]}},"_links":{"self":[{"href":"https:\/\/www.smglanguages.com\/tr\/wp-json\/wp\/v2\/pages\/41912","targetHints":{"allow":["GET"]}}],"collection":[{"href":"https:\/\/www.smglanguages.com\/tr\/wp-json\/wp\/v2\/pages"}],"about":[{"href":"https:\/\/www.smglanguages.com\/tr\/wp-json\/wp\/v2\/types\/page"}],"author":[{"embeddable":true,"href":"https:\/\/www.smglanguages.com\/tr\/wp-json\/wp\/v2\/users\/2"}],"replies":[{"embeddable":true,"href":"https:\/\/www.smglanguages.com\/tr\/wp-json\/wp\/v2\/comments?post=41912"}],"version-history":[{"count":0,"href":"https:\/\/www.smglanguages.com\/tr\/wp-json\/wp\/v2\/pages\/41912\/revisions"}],"wp:attachment":[{"href":"https:\/\/www.smglanguages.com\/tr\/wp-json\/wp\/v2\/media?parent=41912"}],"curies":[{"name":"wp","href":"https:\/\/api.w.org\/{rel}","templated":true}]}}